{"id":2,"date":"2022-01-06T05:55:26","date_gmt":"2022-01-06T04:55:26","guid":{"rendered":"http:\/\/promenade-en-mer-propriano.com\/?page_id=2"},"modified":"2025-04-07T18:09:35","modified_gmt":"2025-04-07T16:09:35","slug":"page-d-exemple","status":"publish","type":"page","link":"https:\/\/www.promenades-en-mer-propriano.fr\/en\/page-d-exemple\/","title":{"rendered":"Example page"},"content":{"rendered":"<div data-elementor-type=\"wp-page\" data-elementor-id=\"2\" class=\"elementor elementor-2\" data-elementor-post-type=\"page\">\n\t\t\t\t\t\t<section class=\"elementor-section elementor-top-section elementor-element elementor-element-75f62f48 elementor-section-boxed elementor-section-height-default elementor-section-height-default\" data-id=\"75f62f48\" data-element_type=\"section\" data-settings=\"{&quot;background_background&quot;:&quot;classic&quot;}\">\n\t\t\t\t\t\t\t<div class=\"elementor-background-overlay\"><\/div>\n\t\t\t\t\t\t\t<div class=\"elementor-container elementor-column-gap-default\">\n\t\t\t\t\t<div class=\"elementor-column elementor-col-100 elementor-top-column elementor-element elementor-element-4faf7d67\" data-id=\"4faf7d67\" data-element_type=\"column\">\n\t\t\t<div class=\"elementor-widget-wrap elementor-element-populated\">\n\t\t\t\t\t\t<div class=\"elementor-element elementor-element-76a8f57c elementor-align-center elementor-widget elementor-widget-breadcrumbs\" data-id=\"76a8f57c\" data-element_type=\"widget\" data-widget_type=\"breadcrumbs.default\">\n\t\t\t\t<div class=\"elementor-widget-container\">\n\t\t\t<link rel=\"stylesheet\" href=\"https:\/\/promenades-en-mer-propriano.fr\/wp-content\/plugins\/elementor-pro\/assets\/css\/widget-theme-elements.min.css\"><p id=\"breadcrumbs\"><span><span><a href=\"https:\/\/www.promenades-en-mer-propriano.fr\/en\/\">Welcome<\/a><\/span><\/span><\/p>\t\t<\/div>\n\t\t\t\t<\/div>\n\t\t\t\t\t<\/div>\n\t\t<\/div>\n\t\t\t\t\t<\/div>\n\t\t<\/section>\n\t\t\t\t<section class=\"elementor-section elementor-top-section elementor-element elementor-element-58ea1f18 elementor-section-boxed elementor-section-height-default elementor-section-height-default\" data-id=\"58ea1f18\" data-element_type=\"section\">\n\t\t\t\t\t\t<div class=\"elementor-container elementor-column-gap-default\">\n\t\t\t\t\t<div class=\"elementor-column elementor-col-100 elementor-top-column elementor-element elementor-element-386b14e9\" data-id=\"386b14e9\" data-element_type=\"column\">\n\t\t\t<div class=\"elementor-widget-wrap elementor-element-populated\">\n\t\t\t\t\t\t<div class=\"elementor-element elementor-element-6b181b47 elementor-widget elementor-widget-text-editor\" data-id=\"6b181b47\" data-element_type=\"widget\" data-widget_type=\"text-editor.default\">\n\t\t\t\t<div class=\"elementor-widget-container\">\n\t\t\t<style>\/*! elementor - v3.19.0 - 29-01-2024 *\/\n.elementor-widget-text-editor.elementor-drop-cap-view-stacked .elementor-drop-cap{background-color:#69727d;color:#fff}.elementor-widget-text-editor.elementor-drop-cap-view-framed .elementor-drop-cap{color:#69727d;border:3px solid;background-color:transparent}.elementor-widget-text-editor:not(.elementor-drop-cap-view-default) .elementor-drop-cap{margin-top:8px}.elementor-widget-text-editor:not(.elementor-drop-cap-view-default) .elementor-drop-cap-letter{width:1em;height:1em}.elementor-widget-text-editor .elementor-drop-cap{float:left;text-align:center;line-height:1;font-size:50px}.elementor-widget-text-editor .elementor-drop-cap-letter{display:inline-block}<\/style>\t\t\t\t<p>Departing from Propriano, embark with a professional crew to the most beautiful sites in Corsica. From Senetosa to the Sanguinaires Islands, creeks, creeks and wild beaches inaccessible by road, guided tours on the fauna and flora and historical heritage, aperitifs at sunset, grilled meals on the plancha...<\/p>\t\t\t\t\t\t<\/div>\n\t\t\t\t<\/div>\n\t\t\t\t<div class=\"elementor-element elementor-element-20e53e2f elementor-grid-2 elementor-grid-tablet-2 elementor-grid-mobile-1 elementor-posts--thumbnail-top elementor-card-shadow-yes elementor-posts__hover-gradient elementor-widget elementor-widget-archive-posts\" data-id=\"20e53e2f\" data-element_type=\"widget\" data-settings=\"{&quot;archive_cards_columns&quot;:&quot;2&quot;,&quot;archive_cards_columns_tablet&quot;:&quot;2&quot;,&quot;archive_cards_columns_mobile&quot;:&quot;1&quot;,&quot;archive_cards_row_gap&quot;:{&quot;unit&quot;:&quot;px&quot;,&quot;size&quot;:35,&quot;sizes&quot;:[]},&quot;archive_cards_row_gap_tablet&quot;:{&quot;unit&quot;:&quot;px&quot;,&quot;size&quot;:&quot;&quot;,&quot;sizes&quot;:[]},&quot;archive_cards_row_gap_mobile&quot;:{&quot;unit&quot;:&quot;px&quot;,&quot;size&quot;:&quot;&quot;,&quot;sizes&quot;:[]},&quot;pagination_type&quot;:&quot;numbers&quot;}\" data-widget_type=\"archive-posts.archive_cards\">\n\t\t\t\t<div class=\"elementor-widget-container\">\n\t\t\t<link rel=\"stylesheet\" href=\"https:\/\/promenades-en-mer-propriano.fr\/wp-content\/plugins\/elementor-pro\/assets\/css\/widget-posts.min.css\">\t\t<div class=\"elementor-posts-container elementor-posts elementor-posts--skin-cards\">\n\t\t\t\t\t\t<div class=\"elementor-posts-nothing-found\">\n\t\t\t\t\tIt seems we can&#039;t find what you&#039;re looking for.\t\t\t\t<\/div>\n\t\t\t\t\t<\/div>\n\t\t\n\t\t\t\t<\/div>\n\t\t\t\t<\/div>\n\t\t\t\t\t<\/div>\n\t\t<\/div>\n\t\t\t\t\t<\/div>\n\t\t<\/section>\n\t\t\t\t<\/div>","protected":false},"excerpt":{"rendered":"<p>Departing from Propriano, embark with a professional crew to the most beautiful sites in Corsica. From Senetosa to the Sanguinaires Islands, creeks, creeks and wild beaches inaccessible by road, guided tours on the fauna and flora and historical heritage, aperitifs at sunset, grilled meals on the plancha...<\/p>","protected":false},"author":1,"featured_media":0,"parent":0,"menu_order":0,"comment_status":"closed","ping_status":"open","template":"","meta":{"site-sidebar-layout":"default","site-content-layout":"","ast-site-content-layout":"","site-content-style":"default","site-sidebar-style":"default","ast-global-header-display":"","ast-banner-title-visibility":"","ast-main-header-display":"","ast-hfb-above-header-display":"","ast-hfb-below-header-display":"","ast-hfb-mobile-header-display":"","site-post-title":"","ast-breadcrumbs-content":"","ast-featured-img":"","footer-sml-layout":"","theme-transparent-header-meta":"","adv-header-id-meta":"","stick-header-meta":"","header-above-stick-meta":"","header-main-stick-meta":"","header-below-stick-meta":"","astra-migrate-meta-layouts":"default","ast-page-background-enabled":"default","ast-page-background-meta":{"desktop":{"background-color":"var(--ast-global-color-4)","background-image":"","background-repeat":"repeat","background-position":"center center","background-size":"auto","background-attachment":"scroll","background-type":"","background-media":"","overlay-type":"","overlay-color":"","overlay-gradient":""},"tablet":{"background-color":"","background-image":"","background-repeat":"repeat","background-position":"center center","background-size":"auto","background-attachment":"scroll","background-type":"","background-media":"","overlay-type":"","overlay-color":"","overlay-gradient":""},"mobile":{"background-color":"","background-image":"","background-repeat":"repeat","background-position":"center center","background-size":"auto","background-attachment":"scroll","background-type":"","background-media":"","overlay-type":"","overlay-color":"","overlay-gradient":""}},"ast-content-background-meta":{"desktop":{"background-color":"var(--ast-global-color-5)","background-image":"","background-repeat":"repeat","background-position":"center center","background-size":"auto","background-attachment":"scroll","background-type":"","background-media":"","overlay-type":"","overlay-color":"","overlay-gradient":""},"tablet":{"background-color":"var(--ast-global-color-5)","background-image":"","background-repeat":"repeat","background-position":"center center","background-size":"auto","background-attachment":"scroll","background-type":"","background-media":"","overlay-type":"","overlay-color":"","overlay-gradient":""},"mobile":{"background-color":"var(--ast-global-color-5)","background-image":"","background-repeat":"repeat","background-position":"center center","background-size":"auto","background-attachment":"scroll","background-type":"","background-media":"","overlay-type":"","overlay-color":"","overlay-gradient":""}},"footnotes":""},"class_list":["post-2","page","type-page","status-publish","hentry"],"acf":[],"yoast_head":"<!-- This site is optimized with the Yoast SEO plugin v21.9.1 - https:\/\/yoast.com\/wordpress\/plugins\/seo\/ -->\n<title>Page d\u2019exemple - CMPV Promenades en mer Propriano<\/title>\n<meta name=\"robots\" content=\"index, follow, max-snippet:-1, max-image-preview:large, max-video-preview:-1\" \/>\n<link rel=\"canonical\" href=\"https:\/\/www.promenades-en-mer-propriano.fr\/en\/page-d-exemple\/\" \/>\n<meta property=\"og:locale\" content=\"en_GB\" \/>\n<meta property=\"og:type\" content=\"article\" \/>\n<meta property=\"og:title\" content=\"Page d\u2019exemple - CMPV Promenades en mer Propriano\" \/>\n<meta property=\"og:description\" content=\"Au d\u00e9part de Propriano, embarquez avec un \u00e9quipage professionnel vers les plus beaux sites de Corse. De Senetosa aux \u00celes Sanguinaires, des criques, calanques et plages sauvages inaccessibles par la route, des circuits guid\u00e9s sur la faune et flore et le patrimoine historique, ap\u00e9ritifs au coucher du soleil , repas grillades \u00e0 la plancha&#8230;\" \/>\n<meta property=\"og:url\" content=\"https:\/\/www.promenades-en-mer-propriano.fr\/en\/page-d-exemple\/\" \/>\n<meta property=\"og:site_name\" content=\"CMPV Promenades en mer Propriano\" \/>\n<meta property=\"article:publisher\" content=\"https:\/\/www.facebook.com\/cmpvpropriano\" \/>\n<meta property=\"article:modified_time\" content=\"2025-04-07T16:09:35+00:00\" \/>\n<meta property=\"og:image\" content=\"https:\/\/www.promenades-en-mer-propriano.fr\/wp-content\/uploads\/2022\/01\/logo-1.png\" \/>\n\t<meta property=\"og:image:width\" content=\"1999\" \/>\n\t<meta property=\"og:image:height\" content=\"707\" \/>\n\t<meta property=\"og:image:type\" content=\"image\/png\" \/>\n<meta name=\"twitter:card\" content=\"summary_large_image\" \/>\n<meta name=\"twitter:label1\" content=\"Estimated reading time\" \/>\n\t<meta name=\"twitter:data1\" content=\"1 minute\" \/>\n<script type=\"application\/ld+json\" class=\"yoast-schema-graph\">{\"@context\":\"https:\/\/schema.org\",\"@graph\":[{\"@type\":\"WebPage\",\"@id\":\"https:\/\/www.promenades-en-mer-propriano.fr\/page-d-exemple\/\",\"url\":\"https:\/\/www.promenades-en-mer-propriano.fr\/page-d-exemple\/\",\"name\":\"Page d\u2019exemple - CMPV Promenades en mer Propriano\",\"isPartOf\":{\"@id\":\"https:\/\/www.promenades-en-mer-propriano.fr\/#website\"},\"datePublished\":\"2022-01-06T04:55:26+00:00\",\"dateModified\":\"2025-04-07T16:09:35+00:00\",\"breadcrumb\":{\"@id\":\"https:\/\/www.promenades-en-mer-propriano.fr\/page-d-exemple\/#breadcrumb\"},\"inLanguage\":\"en-GB\",\"potentialAction\":[{\"@type\":\"ReadAction\",\"target\":[\"https:\/\/www.promenades-en-mer-propriano.fr\/page-d-exemple\/\"]}]},{\"@type\":\"BreadcrumbList\",\"@id\":\"https:\/\/www.promenades-en-mer-propriano.fr\/page-d-exemple\/#breadcrumb\",\"itemListElement\":[{\"@type\":\"ListItem\",\"position\":1,\"name\":\"Accueil\",\"item\":\"https:\/\/www.promenades-en-mer-propriano.fr\/\"},{\"@type\":\"ListItem\",\"position\":2,\"name\":\"Page d\u2019exemple\"}]},{\"@type\":\"WebSite\",\"@id\":\"https:\/\/www.promenades-en-mer-propriano.fr\/#website\",\"url\":\"https:\/\/www.promenades-en-mer-propriano.fr\/\",\"name\":\"CMPV PROPRIANO Croisi\u00e8res & Ev\u00e9nements\",\"description\":\"Promenades en mer \u00e0 Propriano - Embarquez vers les plus beaux sites naturels de Corse\",\"publisher\":{\"@id\":\"https:\/\/www.promenades-en-mer-propriano.fr\/#organization\"},\"alternateName\":\"CMPV PROPRIANO Bateaux en Corse\",\"potentialAction\":[{\"@type\":\"SearchAction\",\"target\":{\"@type\":\"EntryPoint\",\"urlTemplate\":\"https:\/\/www.promenades-en-mer-propriano.fr\/?s={search_term_string}\"},\"query-input\":\"required name=search_term_string\"}],\"inLanguage\":\"en-GB\"},{\"@type\":\"Organization\",\"@id\":\"https:\/\/www.promenades-en-mer-propriano.fr\/#organization\",\"name\":\"CMPV Promenades en mer Propriano\",\"alternateName\":\"CMPV Propriano\",\"url\":\"https:\/\/www.promenades-en-mer-propriano.fr\/\",\"logo\":{\"@type\":\"ImageObject\",\"inLanguage\":\"en-GB\",\"@id\":\"https:\/\/www.promenades-en-mer-propriano.fr\/#\/schema\/logo\/image\/\",\"url\":\"https:\/\/www.promenades-en-mer-propriano.fr\/wp-content\/uploads\/2026\/03\/Capture-decran-2026-03-23-a-08.32.29.png\",\"contentUrl\":\"https:\/\/www.promenades-en-mer-propriano.fr\/wp-content\/uploads\/2026\/03\/Capture-decran-2026-03-23-a-08.32.29.png\",\"width\":1178,\"height\":1172,\"caption\":\"CMPV Promenades en mer Propriano\"},\"image\":{\"@id\":\"https:\/\/www.promenades-en-mer-propriano.fr\/#\/schema\/logo\/image\/\"},\"sameAs\":[\"https:\/\/www.facebook.com\/cmpvpropriano\"]}]}<\/script>\n<!-- \/ Yoast SEO plugin. -->","yoast_head_json":{"title":"Page d\u2019exemple - CMPV Promenades en mer Propriano","robots":{"index":"index","follow":"follow","max-snippet":"max-snippet:-1","max-image-preview":"max-image-preview:large","max-video-preview":"max-video-preview:-1"},"canonical":"https:\/\/www.promenades-en-mer-propriano.fr\/en\/page-d-exemple\/","og_locale":"en_GB","og_type":"article","og_title":"Page d\u2019exemple - CMPV Promenades en mer Propriano","og_description":"Au d\u00e9part de Propriano, embarquez avec un \u00e9quipage professionnel vers les plus beaux sites de Corse. De Senetosa aux \u00celes Sanguinaires, des criques, calanques et plages sauvages inaccessibles par la route, des circuits guid\u00e9s sur la faune et flore et le patrimoine historique, ap\u00e9ritifs au coucher du soleil , repas grillades \u00e0 la plancha&#8230;","og_url":"https:\/\/www.promenades-en-mer-propriano.fr\/en\/page-d-exemple\/","og_site_name":"CMPV Promenades en mer Propriano","article_publisher":"https:\/\/www.facebook.com\/cmpvpropriano","article_modified_time":"2025-04-07T16:09:35+00:00","og_image":[{"width":1999,"height":707,"url":"https:\/\/www.promenades-en-mer-propriano.fr\/wp-content\/uploads\/2022\/01\/logo-1.png","type":"image\/png"}],"twitter_card":"summary_large_image","twitter_misc":{"Estimated reading time":"1 minute"},"schema":{"@context":"https:\/\/schema.org","@graph":[{"@type":"WebPage","@id":"https:\/\/www.promenades-en-mer-propriano.fr\/page-d-exemple\/","url":"https:\/\/www.promenades-en-mer-propriano.fr\/page-d-exemple\/","name":"Page d\u2019exemple - CMPV Promenades en mer Propriano","isPartOf":{"@id":"https:\/\/www.promenades-en-mer-propriano.fr\/#website"},"datePublished":"2022-01-06T04:55:26+00:00","dateModified":"2025-04-07T16:09:35+00:00","breadcrumb":{"@id":"https:\/\/www.promenades-en-mer-propriano.fr\/page-d-exemple\/#breadcrumb"},"inLanguage":"en-GB","potentialAction":[{"@type":"ReadAction","target":["https:\/\/www.promenades-en-mer-propriano.fr\/page-d-exemple\/"]}]},{"@type":"BreadcrumbList","@id":"https:\/\/www.promenades-en-mer-propriano.fr\/page-d-exemple\/#breadcrumb","itemListElement":[{"@type":"ListItem","position":1,"name":"Accueil","item":"https:\/\/www.promenades-en-mer-propriano.fr\/"},{"@type":"ListItem","position":2,"name":"Page d\u2019exemple"}]},{"@type":"WebSite","@id":"https:\/\/www.promenades-en-mer-propriano.fr\/#website","url":"https:\/\/www.promenades-en-mer-propriano.fr\/","name":"CMPV PROPRIANO Croisi\u00e8res & Ev\u00e9nements","description":"Promenades en mer \u00e0 Propriano - Embarquez vers les plus beaux sites naturels de Corse","publisher":{"@id":"https:\/\/www.promenades-en-mer-propriano.fr\/#organization"},"alternateName":"CMPV PROPRIANO Bateaux en Corse","potentialAction":[{"@type":"SearchAction","target":{"@type":"EntryPoint","urlTemplate":"https:\/\/www.promenades-en-mer-propriano.fr\/?s={search_term_string}"},"query-input":"required name=search_term_string"}],"inLanguage":"en-GB"},{"@type":"Organization","@id":"https:\/\/www.promenades-en-mer-propriano.fr\/#organization","name":"CMPV Promenades en mer Propriano","alternateName":"CMPV Propriano","url":"https:\/\/www.promenades-en-mer-propriano.fr\/","logo":{"@type":"ImageObject","inLanguage":"en-GB","@id":"https:\/\/www.promenades-en-mer-propriano.fr\/#\/schema\/logo\/image\/","url":"https:\/\/www.promenades-en-mer-propriano.fr\/wp-content\/uploads\/2026\/03\/Capture-decran-2026-03-23-a-08.32.29.png","contentUrl":"https:\/\/www.promenades-en-mer-propriano.fr\/wp-content\/uploads\/2026\/03\/Capture-decran-2026-03-23-a-08.32.29.png","width":1178,"height":1172,"caption":"CMPV Promenades en mer Propriano"},"image":{"@id":"https:\/\/www.promenades-en-mer-propriano.fr\/#\/schema\/logo\/image\/"},"sameAs":["https:\/\/www.facebook.com\/cmpvpropriano"]}]}},"_links":{"self":[{"href":"https:\/\/www.promenades-en-mer-propriano.fr\/en\/wp-json\/wp\/v2\/pages\/2","targetHints":{"allow":["GET"]}}],"collection":[{"href":"https:\/\/www.promenades-en-mer-propriano.fr\/en\/wp-json\/wp\/v2\/pages"}],"about":[{"href":"https:\/\/www.promenades-en-mer-propriano.fr\/en\/wp-json\/wp\/v2\/types\/page"}],"author":[{"embeddable":true,"href":"https:\/\/www.promenades-en-mer-propriano.fr\/en\/wp-json\/wp\/v2\/users\/1"}],"replies":[{"embeddable":true,"href":"https:\/\/www.promenades-en-mer-propriano.fr\/en\/wp-json\/wp\/v2\/comments?post=2"}],"version-history":[{"count":3,"href":"https:\/\/www.promenades-en-mer-propriano.fr\/en\/wp-json\/wp\/v2\/pages\/2\/revisions"}],"predecessor-version":[{"id":1939,"href":"https:\/\/www.promenades-en-mer-propriano.fr\/en\/wp-json\/wp\/v2\/pages\/2\/revisions\/1939"}],"wp:attachment":[{"href":"https:\/\/www.promenades-en-mer-propriano.fr\/en\/wp-json\/wp\/v2\/media?parent=2"}],"curies":[{"name":"wp","href":"https:\/\/api.w.org\/{rel}","templated":true}]}}