{"id":302,"date":"2022-01-12T14:02:46","date_gmt":"2022-01-12T13:02:46","guid":{"rendered":"https:\/\/www.promenade-en-mer-propriano.com\/?page_id=302"},"modified":"2024-12-13T12:20:56","modified_gmt":"2024-12-13T11:20:56","slug":"flotte","status":"publish","type":"page","link":"https:\/\/www.promenades-en-mer-propriano.fr\/en\/flotte\/","title":{"rendered":"The fleet"},"content":{"rendered":"<div data-elementor-type=\"wp-page\" data-elementor-id=\"302\" class=\"elementor elementor-302\" data-elementor-post-type=\"page\">\n\t\t\t\t\t\t<section class=\"elementor-section elementor-top-section elementor-element elementor-element-e95ceea elementor-section-boxed elementor-section-height-default elementor-section-height-default\" data-id=\"e95ceea\" data-element_type=\"section\" data-settings=\"{&quot;background_background&quot;:&quot;classic&quot;,&quot;background_motion_fx_motion_fx_scrolling&quot;:&quot;yes&quot;,&quot;background_motion_fx_translateY_effect&quot;:&quot;yes&quot;,&quot;background_motion_fx_translateY_speed&quot;:{&quot;unit&quot;:&quot;px&quot;,&quot;size&quot;:4,&quot;sizes&quot;:[]},&quot;background_motion_fx_translateY_affectedRange&quot;:{&quot;unit&quot;:&quot;%&quot;,&quot;size&quot;:&quot;&quot;,&quot;sizes&quot;:{&quot;start&quot;:0,&quot;end&quot;:100}},&quot;background_motion_fx_devices&quot;:[&quot;desktop&quot;,&quot;tablet&quot;,&quot;mobile&quot;]}\">\n\t\t\t\t\t\t\t<div class=\"elementor-background-overlay\"><\/div>\n\t\t\t\t\t\t\t<div class=\"elementor-container elementor-column-gap-default\">\n\t\t\t\t\t<div class=\"elementor-column elementor-col-100 elementor-top-column elementor-element elementor-element-3b40b0f\" data-id=\"3b40b0f\" data-element_type=\"column\">\n\t\t\t<div class=\"elementor-widget-wrap elementor-element-populated\">\n\t\t\t\t\t\t<div class=\"elementor-element elementor-element-e39dae0 elementor-align-center elementor-widget elementor-widget-breadcrumbs\" data-id=\"e39dae0\" data-element_type=\"widget\" data-widget_type=\"breadcrumbs.default\">\n\t\t\t\t<div class=\"elementor-widget-container\">\n\t\t\t<link rel=\"stylesheet\" href=\"https:\/\/promenades-en-mer-propriano.fr\/wp-content\/plugins\/elementor-pro\/assets\/css\/widget-theme-elements.min.css\"><p id=\"breadcrumbs\"><span><span><a href=\"https:\/\/www.promenades-en-mer-propriano.fr\/en\/\">Welcome<\/a><\/span><\/span><\/p>\t\t<\/div>\n\t\t\t\t<\/div>\n\t\t\t\t\t<\/div>\n\t\t<\/div>\n\t\t\t\t\t<\/div>\n\t\t<\/section>\n\t\t\t\t<section class=\"elementor-section elementor-top-section elementor-element elementor-element-5f8e930 elementor-section-boxed elementor-section-height-default elementor-section-height-default\" data-id=\"5f8e930\" data-element_type=\"section\">\n\t\t\t\t\t\t<div class=\"elementor-container elementor-column-gap-default\">\n\t\t\t\t\t<div class=\"elementor-column elementor-col-100 elementor-top-column elementor-element elementor-element-3073aed\" data-id=\"3073aed\" data-element_type=\"column\">\n\t\t\t<div class=\"elementor-widget-wrap elementor-element-populated\">\n\t\t\t\t\t\t<div class=\"elementor-element elementor-element-964963f elementor-widget elementor-widget-heading\" data-id=\"964963f\" data-element_type=\"widget\" data-widget_type=\"heading.default\">\n\t\t\t\t<div class=\"elementor-widget-container\">\n\t\t\t<style>\/*! elementor - v3.19.0 - 29-01-2024 *\/\n.elementor-heading-title{padding:0;margin:0;line-height:1}.elementor-widget-heading .elementor-heading-title[class*=elementor-size-]>a{color:inherit;font-size:inherit;line-height:inherit}.elementor-widget-heading .elementor-heading-title.elementor-size-small{font-size:15px}.elementor-widget-heading .elementor-heading-title.elementor-size-medium{font-size:19px}.elementor-widget-heading .elementor-heading-title.elementor-size-large{font-size:29px}.elementor-widget-heading .elementor-heading-title.elementor-size-xl{font-size:39px}.elementor-widget-heading .elementor-heading-title.elementor-size-xxl{font-size:59px}<\/style><h2 class=\"elementor-heading-title elementor-size-default\">Boats for all your desires<\/h2>\t\t<\/div>\n\t\t\t\t<\/div>\n\t\t\t\t<div class=\"elementor-element elementor-element-21a089e elementor-widget elementor-widget-text-editor\" data-id=\"21a089e\" data-element_type=\"widget\" data-widget_type=\"text-editor.default\">\n\t\t\t\t<div class=\"elementor-widget-container\">\n\t\t\t<style>\/*! elementor - v3.19.0 - 29-01-2024 *\/\n.elementor-widget-text-editor.elementor-drop-cap-view-stacked .elementor-drop-cap{background-color:#69727d;color:#fff}.elementor-widget-text-editor.elementor-drop-cap-view-framed .elementor-drop-cap{color:#69727d;border:3px solid;background-color:transparent}.elementor-widget-text-editor:not(.elementor-drop-cap-view-default) .elementor-drop-cap{margin-top:8px}.elementor-widget-text-editor:not(.elementor-drop-cap-view-default) .elementor-drop-cap-letter{width:1em;height:1em}.elementor-widget-text-editor .elementor-drop-cap{float:left;text-align:center;line-height:1;font-size:50px}.elementor-widget-text-editor .elementor-drop-cap-letter{display:inline-block}<\/style>\t\t\t\t\t\t\t\t\t\t<\/div>\n\t\t\t\t<\/div>\n\t\t\t\t<div class=\"elementor-element elementor-element-06cf7ec elementor-widget elementor-widget-text-editor\" data-id=\"06cf7ec\" data-element_type=\"widget\" data-widget_type=\"text-editor.default\">\n\t\t\t\t<div class=\"elementor-widget-container\">\n\t\t\t\t\t\t\t<p>During the day or at sunset, spend an exceptional moment with family, in a group or with friends, for a unique sea trip or a special moment in a private package. Head for the most beautiful spots in Corsica: wild beaches, inaccessible coves and coves, turquoise waters, swimming among schools of fish, aperitifs and meals at sea. Let yourself be taken on board by professionals from the sea and the region for an unforgettable sea trip.<\/p>\t\t\t\t\t\t<\/div>\n\t\t\t\t<\/div>\n\t\t\t\t\t<\/div>\n\t\t<\/div>\n\t\t\t\t\t<\/div>\n\t\t<\/section>\n\t\t\t\t<section class=\"elementor-section elementor-top-section elementor-element elementor-element-d230476 elementor-section-boxed elementor-section-height-default elementor-section-height-default\" data-id=\"d230476\" data-element_type=\"section\">\n\t\t\t\t\t\t<div class=\"elementor-container elementor-column-gap-default\">\n\t\t\t\t\t<div class=\"elementor-column elementor-col-50 elementor-top-column elementor-element elementor-element-81fddb0\" data-id=\"81fddb0\" data-element_type=\"column\" data-settings=\"{&quot;background_background&quot;:&quot;classic&quot;}\">\n\t\t\t<div class=\"elementor-widget-wrap elementor-element-populated\">\n\t\t\t\t\t\t<div class=\"elementor-element elementor-element-c87d82e elementor-widget elementor-widget-heading\" data-id=\"c87d82e\" data-element_type=\"widget\" data-widget_type=\"heading.default\">\n\t\t\t\t<div class=\"elementor-widget-container\">\n\t\t\t<h3 class=\"elementor-heading-title elementor-size-default\">Prestige boats<\/h3>\t\t<\/div>\n\t\t\t\t<\/div>\n\t\t\t\t<div class=\"elementor-element elementor-element-3a3cc8b elementor-widget elementor-widget-image\" data-id=\"3a3cc8b\" data-element_type=\"widget\" data-widget_type=\"image.default\">\n\t\t\t\t<div class=\"elementor-widget-container\">\n\t\t\t<style>\/*! elementor - v3.19.0 - 29-01-2024 *\/\n.elementor-widget-image{text-align:center}.elementor-widget-image a{display:inline-block}.elementor-widget-image a img[src$=\".svg\"]{width:48px}.elementor-widget-image img{vertical-align:middle;display:inline-block}<\/style>\t\t\t\t\t\t\t\t\t\t<img fetchpriority=\"high\" decoding=\"async\" width=\"800\" height=\"500\" src=\"https:\/\/www.promenades-en-mer-propriano.fr\/wp-content\/uploads\/2022\/01\/Sans-titre-1_0001_DJI_0009.jpg\" class=\"attachment-large size-large wp-image-306\" alt=\"\" srcset=\"https:\/\/www.promenades-en-mer-propriano.fr\/wp-content\/uploads\/2022\/01\/Sans-titre-1_0001_DJI_0009.jpg 800w, https:\/\/www.promenades-en-mer-propriano.fr\/wp-content\/uploads\/2022\/01\/Sans-titre-1_0001_DJI_0009-300x188.jpg 300w, https:\/\/www.promenades-en-mer-propriano.fr\/wp-content\/uploads\/2022\/01\/Sans-titre-1_0001_DJI_0009-768x480.jpg 768w\" sizes=\"(max-width: 800px) 100vw, 800px\" \/>\t\t\t\t\t\t\t\t\t\t\t\t\t<\/div>\n\t\t\t\t<\/div>\n\t\t\t\t<div class=\"elementor-element elementor-element-efb5d43 elementor-widget elementor-widget-text-editor\" data-id=\"efb5d43\" data-element_type=\"widget\" data-widget_type=\"text-editor.default\">\n\t\t\t\t<div class=\"elementor-widget-container\">\n\t\t\t\t\t\t\t<p>Our 12-seater luxury boats are at your disposal with a driver (professional skipper) for your dream destinations: sailing in the heart of marine reserves, wild beaches, sunsets at sea, inaccessible coves, etc.<\/p><p>Embark with a professional of the sea is the assurance of a safe sea trip for an exceptional program. An ideal layout for optimum comfort: sunbathing (mattress), shaded lounge with a friendly central table, sound system for tailor-made atmospheres, powerful motorization, smooth navigation...<\/p><p>Available as group outings (excursions) or private cruises (privatizations).<\/p><p>\u00a0<\/p>\t\t\t\t\t\t<\/div>\n\t\t\t\t<\/div>\n\t\t\t\t\t<\/div>\n\t\t<\/div>\n\t\t\t\t<div class=\"elementor-column elementor-col-50 elementor-top-column elementor-element elementor-element-18b25b9\" data-id=\"18b25b9\" data-element_type=\"column\" data-settings=\"{&quot;background_background&quot;:&quot;classic&quot;}\">\n\t\t\t<div class=\"elementor-widget-wrap elementor-element-populated\">\n\t\t\t\t\t\t<div class=\"elementor-element elementor-element-922bba7 elementor-widget elementor-widget-image\" data-id=\"922bba7\" data-element_type=\"widget\" data-widget_type=\"image.default\">\n\t\t\t\t<div class=\"elementor-widget-container\">\n\t\t\t\t\t\t\t\t\t\t\t\t\t<img decoding=\"async\" width=\"1024\" height=\"576\" src=\"https:\/\/www.promenades-en-mer-propriano.fr\/wp-content\/uploads\/2022\/01\/COTES-SAUVAGES-2-1024x576.jpg\" class=\"attachment-large size-large wp-image-111\" alt=\"\" srcset=\"https:\/\/www.promenades-en-mer-propriano.fr\/wp-content\/uploads\/2022\/01\/COTES-SAUVAGES-2-1024x576.jpg 1024w, https:\/\/www.promenades-en-mer-propriano.fr\/wp-content\/uploads\/2022\/01\/COTES-SAUVAGES-2-300x169.jpg 300w, https:\/\/www.promenades-en-mer-propriano.fr\/wp-content\/uploads\/2022\/01\/COTES-SAUVAGES-2-768x432.jpg 768w, https:\/\/www.promenades-en-mer-propriano.fr\/wp-content\/uploads\/2022\/01\/COTES-SAUVAGES-2-1536x864.jpg 1536w, https:\/\/www.promenades-en-mer-propriano.fr\/wp-content\/uploads\/2022\/01\/COTES-SAUVAGES-2-2048x1152.jpg 2048w\" sizes=\"(max-width: 1024px) 100vw, 1024px\" \/>\t\t\t\t\t\t\t\t\t\t\t\t\t<\/div>\n\t\t\t\t<\/div>\n\t\t\t\t<div class=\"elementor-element elementor-element-2845254 elementor-widget elementor-widget-heading\" data-id=\"2845254\" data-element_type=\"widget\" data-widget_type=\"heading.default\">\n\t\t\t\t<div class=\"elementor-widget-container\">\n\t\t\t<h3 class=\"elementor-heading-title elementor-size-default\">Glass bottom boat (underwater vision)<\/h3>\t\t<\/div>\n\t\t\t\t<\/div>\n\t\t\t\t<div class=\"elementor-element elementor-element-d9fed6c elementor-widget elementor-widget-text-editor\" data-id=\"d9fed6c\" data-element_type=\"widget\" data-widget_type=\"text-editor.default\">\n\t\t\t\t<div class=\"elementor-widget-container\">\n\t\t\t\t\t\t\t<p>Embark aboard a comfortable glass-bottom boat (underwater vision), accessible to all.\u00a0<\/p><p>This boat, which can accommodate 100 people, is equipped with several panoramic decks, shaded lounges, swimming ladders and a landing gangway for wild beaches, toilets and a sailors&#039; bar.\u00a0<\/p><p>With a sound system for tailor-made atmospheres, it can be privatized for your events; possibility of meals on board.\u00a0<\/p><p>A professional crew will take great care of you and make this sea trip a unique and memorable moment.\u00a0<\/p>\t\t\t\t\t\t<\/div>\n\t\t\t\t<\/div>\n\t\t\t\t\t<\/div>\n\t\t<\/div>\n\t\t\t\t\t<\/div>\n\t\t<\/section>\n\t\t\t\t<\/div>","protected":false},"excerpt":{"rendered":"<p>Boats for all your desires During the day or at sunset, spend an exceptional moment with family, in a group or with friends, for a unique sea trip or a special moment in a private formula. Head for the most beautiful spots in Corsica: wild beaches, inaccessible coves and coves, turquoise waters, swimming [\u2026]<\/p>","protected":false},"author":1,"featured_media":0,"parent":0,"menu_order":0,"comment_status":"closed","ping_status":"closed","template":"elementor_header_footer","meta":{"site-sidebar-layout":"no-sidebar","site-content-layout":"page-builder","ast-site-content-layout":"","site-content-style":"default","site-sidebar-style":"default","ast-global-header-display":"","ast-banner-title-visibility":"","ast-main-header-display":"","ast-hfb-above-header-display":"","ast-hfb-below-header-display":"","ast-hfb-mobile-header-display":"","site-post-title":"disabled","ast-breadcrumbs-content":"","ast-featured-img":"disabled","footer-sml-layout":"","theme-transparent-header-meta":"","adv-header-id-meta":"","stick-header-meta":"","header-above-stick-meta":"","header-main-stick-meta":"","header-below-stick-meta":"","astra-migrate-meta-layouts":"default","ast-page-background-enabled":"default","ast-page-background-meta":{"desktop":{"background-color":"var(--ast-global-color-4)","background-image":"","background-repeat":"repeat","background-position":"center center","background-size":"auto","background-attachment":"scroll","background-type":"","background-media":"","overlay-type":"","overlay-color":"","overlay-gradient":""},"tablet":{"background-color":"","background-image":"","background-repeat":"repeat","background-position":"center center","background-size":"auto","background-attachment":"scroll","background-type":"","background-media":"","overlay-type":"","overlay-color":"","overlay-gradient":""},"mobile":{"background-color":"","background-image":"","background-repeat":"repeat","background-position":"center center","background-size":"auto","background-attachment":"scroll","background-type":"","background-media":"","overlay-type":"","overlay-color":"","overlay-gradient":""}},"ast-content-background-meta":{"desktop":{"background-color":"var(--ast-global-color-5)","background-image":"","background-repeat":"repeat","background-position":"center center","background-size":"auto","background-attachment":"scroll","background-type":"","background-media":"","overlay-type":"","overlay-color":"","overlay-gradient":""},"tablet":{"background-color":"var(--ast-global-color-5)","background-image":"","background-repeat":"repeat","background-position":"center center","background-size":"auto","background-attachment":"scroll","background-type":"","background-media":"","overlay-type":"","overlay-color":"","overlay-gradient":""},"mobile":{"background-color":"var(--ast-global-color-5)","background-image":"","background-repeat":"repeat","background-position":"center center","background-size":"auto","background-attachment":"scroll","background-type":"","background-media":"","overlay-type":"","overlay-color":"","overlay-gradient":""}},"footnotes":""},"class_list":["post-302","page","type-page","status-publish","hentry"],"acf":[],"yoast_head":"<!-- This site is optimized with the Yoast SEO plugin v21.9.1 - https:\/\/yoast.com\/wordpress\/plugins\/seo\/ -->\n<title>D\u00e9couvrez les bateaux de la Compagnie Maritime Propriano Valinco<\/title>\n<meta name=\"description\" content=\"Louez un bateau avec skipper ou embarquez pour une balade en mer au d\u00e9part de Propriano avec la Compagnie Maritimes Propriano Valinco.\" \/>\n<meta name=\"robots\" content=\"index, follow, max-snippet:-1, max-image-preview:large, max-video-preview:-1\" \/>\n<link rel=\"canonical\" href=\"https:\/\/www.promenades-en-mer-propriano.fr\/en\/flotte\/\" \/>\n<meta property=\"og:locale\" content=\"en_GB\" \/>\n<meta property=\"og:type\" content=\"article\" \/>\n<meta property=\"og:title\" content=\"D\u00e9couvrez les bateaux de la Compagnie Maritime Propriano Valinco\" \/>\n<meta property=\"og:description\" content=\"Louez un bateau avec skipper ou embarquez pour une balade en mer au d\u00e9part de Propriano avec la Compagnie Maritimes Propriano Valinco.\" \/>\n<meta property=\"og:url\" content=\"https:\/\/www.promenades-en-mer-propriano.fr\/en\/flotte\/\" \/>\n<meta property=\"og:site_name\" content=\"CMPV Promenades en mer Propriano\" \/>\n<meta property=\"article:publisher\" content=\"https:\/\/www.facebook.com\/cmpvpropriano\" \/>\n<meta property=\"article:modified_time\" content=\"2024-12-13T11:20:56+00:00\" \/>\n<meta property=\"og:image\" content=\"https:\/\/www.promenades-en-mer-propriano.fr\/wp-content\/uploads\/2022\/01\/Sans-titre-1_0001_DJI_0009.jpg\" \/>\n<meta name=\"twitter:card\" content=\"summary_large_image\" \/>\n<meta name=\"twitter:label1\" content=\"Estimated reading time\" \/>\n\t<meta name=\"twitter:data1\" content=\"2 minutes\" \/>\n<script type=\"application\/ld+json\" class=\"yoast-schema-graph\">{\"@context\":\"https:\/\/schema.org\",\"@graph\":[{\"@type\":\"WebPage\",\"@id\":\"https:\/\/www.promenades-en-mer-propriano.fr\/flotte\/\",\"url\":\"https:\/\/www.promenades-en-mer-propriano.fr\/flotte\/\",\"name\":\"D\u00e9couvrez les bateaux de la Compagnie Maritime Propriano Valinco\",\"isPartOf\":{\"@id\":\"https:\/\/www.promenades-en-mer-propriano.fr\/#website\"},\"datePublished\":\"2022-01-12T13:02:46+00:00\",\"dateModified\":\"2024-12-13T11:20:56+00:00\",\"description\":\"Louez un bateau avec skipper ou embarquez pour une balade en mer au d\u00e9part de Propriano avec la Compagnie Maritimes Propriano Valinco.\",\"breadcrumb\":{\"@id\":\"https:\/\/www.promenades-en-mer-propriano.fr\/flotte\/#breadcrumb\"},\"inLanguage\":\"en-GB\",\"potentialAction\":[{\"@type\":\"ReadAction\",\"target\":[\"https:\/\/www.promenades-en-mer-propriano.fr\/flotte\/\"]}]},{\"@type\":\"BreadcrumbList\",\"@id\":\"https:\/\/www.promenades-en-mer-propriano.fr\/flotte\/#breadcrumb\",\"itemListElement\":[{\"@type\":\"ListItem\",\"position\":1,\"name\":\"Accueil\",\"item\":\"https:\/\/www.promenades-en-mer-propriano.fr\/\"},{\"@type\":\"ListItem\",\"position\":2,\"name\":\"La flotte\"}]},{\"@type\":\"WebSite\",\"@id\":\"https:\/\/www.promenades-en-mer-propriano.fr\/#website\",\"url\":\"https:\/\/www.promenades-en-mer-propriano.fr\/\",\"name\":\"CMPV PROPRIANO Croisi\u00e8res & Ev\u00e9nements\",\"description\":\"Promenades en mer \u00e0 Propriano - Embarquez vers les plus beaux sites naturels de Corse\",\"publisher\":{\"@id\":\"https:\/\/www.promenades-en-mer-propriano.fr\/#organization\"},\"alternateName\":\"CMPV PROPRIANO Bateaux en Corse\",\"potentialAction\":[{\"@type\":\"SearchAction\",\"target\":{\"@type\":\"EntryPoint\",\"urlTemplate\":\"https:\/\/www.promenades-en-mer-propriano.fr\/?s={search_term_string}\"},\"query-input\":\"required name=search_term_string\"}],\"inLanguage\":\"en-GB\"},{\"@type\":\"Organization\",\"@id\":\"https:\/\/www.promenades-en-mer-propriano.fr\/#organization\",\"name\":\"CMPV Promenades en mer Propriano\",\"alternateName\":\"CMPV Propriano\",\"url\":\"https:\/\/www.promenades-en-mer-propriano.fr\/\",\"logo\":{\"@type\":\"ImageObject\",\"inLanguage\":\"en-GB\",\"@id\":\"https:\/\/www.promenades-en-mer-propriano.fr\/#\/schema\/logo\/image\/\",\"url\":\"https:\/\/www.promenades-en-mer-propriano.fr\/wp-content\/uploads\/2026\/03\/Capture-decran-2026-03-23-a-08.32.29.png\",\"contentUrl\":\"https:\/\/www.promenades-en-mer-propriano.fr\/wp-content\/uploads\/2026\/03\/Capture-decran-2026-03-23-a-08.32.29.png\",\"width\":1178,\"height\":1172,\"caption\":\"CMPV Promenades en mer Propriano\"},\"image\":{\"@id\":\"https:\/\/www.promenades-en-mer-propriano.fr\/#\/schema\/logo\/image\/\"},\"sameAs\":[\"https:\/\/www.facebook.com\/cmpvpropriano\"]}]}<\/script>\n<!-- \/ Yoast SEO plugin. -->","yoast_head_json":{"title":"D\u00e9couvrez les bateaux de la Compagnie Maritime Propriano Valinco","description":"Louez un bateau avec skipper ou embarquez pour une balade en mer au d\u00e9part de Propriano avec la Compagnie Maritimes Propriano Valinco.","robots":{"index":"index","follow":"follow","max-snippet":"max-snippet:-1","max-image-preview":"max-image-preview:large","max-video-preview":"max-video-preview:-1"},"canonical":"https:\/\/www.promenades-en-mer-propriano.fr\/en\/flotte\/","og_locale":"en_GB","og_type":"article","og_title":"D\u00e9couvrez les bateaux de la Compagnie Maritime Propriano Valinco","og_description":"Louez un bateau avec skipper ou embarquez pour une balade en mer au d\u00e9part de Propriano avec la Compagnie Maritimes Propriano Valinco.","og_url":"https:\/\/www.promenades-en-mer-propriano.fr\/en\/flotte\/","og_site_name":"CMPV Promenades en mer Propriano","article_publisher":"https:\/\/www.facebook.com\/cmpvpropriano","article_modified_time":"2024-12-13T11:20:56+00:00","og_image":[{"url":"https:\/\/www.promenades-en-mer-propriano.fr\/wp-content\/uploads\/2022\/01\/Sans-titre-1_0001_DJI_0009.jpg"}],"twitter_card":"summary_large_image","twitter_misc":{"Estimated reading time":"2 minutes"},"schema":{"@context":"https:\/\/schema.org","@graph":[{"@type":"WebPage","@id":"https:\/\/www.promenades-en-mer-propriano.fr\/flotte\/","url":"https:\/\/www.promenades-en-mer-propriano.fr\/flotte\/","name":"D\u00e9couvrez les bateaux de la Compagnie Maritime Propriano Valinco","isPartOf":{"@id":"https:\/\/www.promenades-en-mer-propriano.fr\/#website"},"datePublished":"2022-01-12T13:02:46+00:00","dateModified":"2024-12-13T11:20:56+00:00","description":"Louez un bateau avec skipper ou embarquez pour une balade en mer au d\u00e9part de Propriano avec la Compagnie Maritimes Propriano Valinco.","breadcrumb":{"@id":"https:\/\/www.promenades-en-mer-propriano.fr\/flotte\/#breadcrumb"},"inLanguage":"en-GB","potentialAction":[{"@type":"ReadAction","target":["https:\/\/www.promenades-en-mer-propriano.fr\/flotte\/"]}]},{"@type":"BreadcrumbList","@id":"https:\/\/www.promenades-en-mer-propriano.fr\/flotte\/#breadcrumb","itemListElement":[{"@type":"ListItem","position":1,"name":"Accueil","item":"https:\/\/www.promenades-en-mer-propriano.fr\/"},{"@type":"ListItem","position":2,"name":"La flotte"}]},{"@type":"WebSite","@id":"https:\/\/www.promenades-en-mer-propriano.fr\/#website","url":"https:\/\/www.promenades-en-mer-propriano.fr\/","name":"CMPV PROPRIANO Croisi\u00e8res & Ev\u00e9nements","description":"Promenades en mer \u00e0 Propriano - Embarquez vers les plus beaux sites naturels de Corse","publisher":{"@id":"https:\/\/www.promenades-en-mer-propriano.fr\/#organization"},"alternateName":"CMPV PROPRIANO Bateaux en Corse","potentialAction":[{"@type":"SearchAction","target":{"@type":"EntryPoint","urlTemplate":"https:\/\/www.promenades-en-mer-propriano.fr\/?s={search_term_string}"},"query-input":"required name=search_term_string"}],"inLanguage":"en-GB"},{"@type":"Organization","@id":"https:\/\/www.promenades-en-mer-propriano.fr\/#organization","name":"CMPV Promenades en mer Propriano","alternateName":"CMPV Propriano","url":"https:\/\/www.promenades-en-mer-propriano.fr\/","logo":{"@type":"ImageObject","inLanguage":"en-GB","@id":"https:\/\/www.promenades-en-mer-propriano.fr\/#\/schema\/logo\/image\/","url":"https:\/\/www.promenades-en-mer-propriano.fr\/wp-content\/uploads\/2026\/03\/Capture-decran-2026-03-23-a-08.32.29.png","contentUrl":"https:\/\/www.promenades-en-mer-propriano.fr\/wp-content\/uploads\/2026\/03\/Capture-decran-2026-03-23-a-08.32.29.png","width":1178,"height":1172,"caption":"CMPV Promenades en mer Propriano"},"image":{"@id":"https:\/\/www.promenades-en-mer-propriano.fr\/#\/schema\/logo\/image\/"},"sameAs":["https:\/\/www.facebook.com\/cmpvpropriano"]}]}},"_links":{"self":[{"href":"https:\/\/www.promenades-en-mer-propriano.fr\/en\/wp-json\/wp\/v2\/pages\/302","targetHints":{"allow":["GET"]}}],"collection":[{"href":"https:\/\/www.promenades-en-mer-propriano.fr\/en\/wp-json\/wp\/v2\/pages"}],"about":[{"href":"https:\/\/www.promenades-en-mer-propriano.fr\/en\/wp-json\/wp\/v2\/types\/page"}],"author":[{"embeddable":true,"href":"https:\/\/www.promenades-en-mer-propriano.fr\/en\/wp-json\/wp\/v2\/users\/1"}],"replies":[{"embeddable":true,"href":"https:\/\/www.promenades-en-mer-propriano.fr\/en\/wp-json\/wp\/v2\/comments?post=302"}],"version-history":[{"count":70,"href":"https:\/\/www.promenades-en-mer-propriano.fr\/en\/wp-json\/wp\/v2\/pages\/302\/revisions"}],"predecessor-version":[{"id":1174,"href":"https:\/\/www.promenades-en-mer-propriano.fr\/en\/wp-json\/wp\/v2\/pages\/302\/revisions\/1174"}],"wp:attachment":[{"href":"https:\/\/www.promenades-en-mer-propriano.fr\/en\/wp-json\/wp\/v2\/media?parent=302"}],"curies":[{"name":"wp","href":"https:\/\/api.w.org\/{rel}","templated":true}]}}